{"id":44,"date":"2020-12-28T20:13:31","date_gmt":"2020-12-28T19:13:31","guid":{"rendered":"https:\/\/agsu.cz\/?page_id=44"},"modified":"2021-02-10T11:33:22","modified_gmt":"2021-02-10T10:33:22","slug":"kontakt","status":"publish","type":"page","link":"https:\/\/agsu.cz\/en\/kontakt","title":{"rendered":"Contact"},"content":{"rendered":"<p><\/p>\n<div dir=\"ltr\">\n<p>Aliance galeri\u00ed sou\u010dasn\u00e9ho um\u011bn\u00ed, z.s.<br \/>\nK\u0159\u00ed\u017ekovsk\u00e9ho 1288\/10<br \/>\nPrague 3 &#8211; \u017di\u017ekov<br \/>\n130 00<\/p>\n<p>I\u010c: 08159556<\/p>\n<p><a href=\"mailto:info@agsu.cz\">info@agsu.cz<\/a><\/p>\n<p><a href=\"tel:+420777216416\">+420 777 216 416<\/a><\/p>\n<p><a href=\"https:\/\/www.facebook.com\/agsuprague\/\" target=\"_blank\" rel=\"noopener\">Facebook<\/a><\/p>\n<p><a href=\"https:\/\/www.instagram.com\/agsu_cz\/\" target=\"_blank\" rel=\"noopener\">Instagram<\/a><\/p>\n<\/div>\n<p><\/p>","protected":false},"excerpt":{"rendered":"<p>Aliance galeri\u00ed sou\u010dasn\u00e9ho um\u011bn\u00ed, z.s. K\u0159\u00ed\u017ekovsk\u00e9ho 1288\/10 Prague 3 &#8211; \u017di\u017ekov 130 00 I\u010c: 08159556 info@agsu.cz +420 777 216 416 Facebook Instagram<\/p>\n","protected":false},"author":1,"featured_media":0,"parent":0,"menu_order":0,"comment_status":"closed","ping_status":"closed","template":"","meta":{"_acf_changed":false,"footnotes":""},"class_list":["post-44","page","type-page","status-publish","hentry","wpautop"],"acf":[],"aioseo_notices":[],"_links":{"self":[{"href":"https:\/\/agsu.cz\/en\/wp-json\/wp\/v2\/pages\/44","targetHints":{"allow":["GET"]}}],"collection":[{"href":"https:\/\/agsu.cz\/en\/wp-json\/wp\/v2\/pages"}],"about":[{"href":"https:\/\/agsu.cz\/en\/wp-json\/wp\/v2\/types\/page"}],"author":[{"embeddable":true,"href":"https:\/\/agsu.cz\/en\/wp-json\/wp\/v2\/users\/1"}],"replies":[{"embeddable":true,"href":"https:\/\/agsu.cz\/en\/wp-json\/wp\/v2\/comments?post=44"}],"version-history":[{"count":0,"href":"https:\/\/agsu.cz\/en\/wp-json\/wp\/v2\/pages\/44\/revisions"}],"wp:attachment":[{"href":"https:\/\/agsu.cz\/en\/wp-json\/wp\/v2\/media?parent=44"}],"curies":[{"name":"wp","href":"https:\/\/api.w.org\/{rel}","templated":true}]}}