{"id":38,"date":"2020-12-28T20:12:43","date_gmt":"2020-12-28T19:12:43","guid":{"rendered":"https:\/\/agsu.cz\/?page_id=38"},"modified":"2022-09-29T10:19:17","modified_gmt":"2022-09-29T08:19:17","slug":"o-alianci","status":"publish","type":"page","link":"https:\/\/agsu.cz\/en\/o-alianci","title":{"rendered":"About alliance"},"content":{"rendered":"<p>The Alliance of Czech Contemporary Art Galleries is a partnership&nbsp;of contemporary art galleries whose primary principle is to act as a platform from which we can more formally initiate cooperative projects, share ideas, and initiate discussion about how we can most effectively work together to help cultivate an original, high-quality art scene that will be mutually beneficial for us all.<\/p>\n<h2>Participating galleries:<\/h2>\n<p><a href=\"https:\/\/www.facebook.com\/galerieam180\/\" target=\"_blank\" rel=\"noopener\">Galerie A.M.180<\/a><br \/>\n<a href=\"https:\/\/berlinskejmodel.cz\" target=\"_blank\" rel=\"noopener\">Berlinskej model<\/a><br \/>\n<a href=\"https:\/\/citysurferoffice.tumblr.com\/\" target=\"_blank\" rel=\"noopener\">City Surfer Office<\/a><br \/>\n<a href=\"https:\/\/www.fcca.cz\/\" target=\"_blank\" rel=\"noopener\">Nadace a Centrum pro sou\u010dasn\u00e9 um\u011bn\u00ed Praha<\/a><br \/>\n<a href=\"http:\/\/huntkastner.com\/\" target=\"_blank\" rel=\"noopener\">hunt kastner<\/a><br \/>\n<a href=\"https:\/\/drdovagallery.com\" target=\"_blank\" rel=\"noopener\">Lucie Drdova Gallery<\/a><br \/>\n<a href=\"http:\/\/polanskygallery.com\/\" target=\"_blank\" rel=\"noopener\">Polansky<\/a><br \/>\n<a href=\"http:\/\/www.zahoriangallery.com\/new\/\" target=\"_blank\" rel=\"noopener\">Zahorian &amp; Van Espen<\/a><\/p>\n<h2>Code of ethics for galleries and artists:<\/h2>\n<p><a href=\"\/wp-content\/uploads\/2021\/01\/code-_eng.pdf\" target=\"_blank\" rel=\"noopener\">Show (PDF)<\/a><\/p>","protected":false},"excerpt":{"rendered":"<p>The Alliance of Czech Contemporary Art Galleries is a partnership&nbsp;of contemporary art galleries whose primary principle is to act as a platform from which we can more formally initiate cooperative projects, share ideas, and initiate discussion about how we can most effectively work together to help cultivate an original, high-quality art scene that will be [&hellip;]<\/p>\n","protected":false},"author":1,"featured_media":0,"parent":0,"menu_order":0,"comment_status":"closed","ping_status":"closed","template":"","meta":{"_acf_changed":false,"footnotes":""},"class_list":["post-38","page","type-page","status-publish","hentry","wpautop"],"acf":[],"aioseo_notices":[],"_links":{"self":[{"href":"https:\/\/agsu.cz\/en\/wp-json\/wp\/v2\/pages\/38","targetHints":{"allow":["GET"]}}],"collection":[{"href":"https:\/\/agsu.cz\/en\/wp-json\/wp\/v2\/pages"}],"about":[{"href":"https:\/\/agsu.cz\/en\/wp-json\/wp\/v2\/types\/page"}],"author":[{"embeddable":true,"href":"https:\/\/agsu.cz\/en\/wp-json\/wp\/v2\/users\/1"}],"replies":[{"embeddable":true,"href":"https:\/\/agsu.cz\/en\/wp-json\/wp\/v2\/comments?post=38"}],"version-history":[{"count":0,"href":"https:\/\/agsu.cz\/en\/wp-json\/wp\/v2\/pages\/38\/revisions"}],"wp:attachment":[{"href":"https:\/\/agsu.cz\/en\/wp-json\/wp\/v2\/media?parent=38"}],"curies":[{"name":"wp","href":"https:\/\/api.w.org\/{rel}","templated":true}]}}