{"id":3,"date":"2020-12-28T12:53:00","date_gmt":"2020-12-28T11:53:00","guid":{"rendered":"http:\/\/agsu.cz\/?page_id=3"},"modified":"2021-03-16T09:45:47","modified_gmt":"2021-03-16T08:45:47","slug":"ochrana-osobnich-udaju","status":"publish","type":"page","link":"https:\/\/agsu.cz\/en\/ochrana-osobnich-udaju","title":{"rendered":"Z\u00e1sady ochrany osobn\u00edch \u00fadaj\u016f"},"content":{"rendered":"<h2 class=\"wp-block-heading\"><\/h2>\r\n<p>PRIVACY POLICY<\/p>\r\n<p>This Privacy Policy (the &#8220;Policy&#8221;) describes how to obtain, use and further handle personal data obtained through the agsu.cz web interface (the &#8220;Web Interface&#8221;).<\/p>\r\n<p>Personal data controller:<\/p>\r\n<p>Aliance galeri\u00ed sou\u010dasn\u00e9ho um\u011bn\u00ed, z.s.<\/p>\r\n<p>K\u0159\u00ed\u017ekovsk\u00e9ho 1288\/10<\/p>\r\n<p>Prague 3 &#8211; \u017di\u017ekov<\/p>\r\n<p>130 00<\/p>\r\n<p>Contact details of the personal data controller:<\/p>\r\n<p>info@agsu.cz<\/p>\r\n<p>The protection of personal data is very important to us. Please read this Policy carefully, it contains important information regarding the handling of your personal data and related rights and obligations.<\/p>\r\n<p>INTRODUCTORY PROVISIONS<\/p>\r\n<p>When handling personal data, we proceed in accordance with the legal order of the Czech Republic and directly applicable regulations of the European Union, especially with Regulation (EU) 2016\/679 of the European Parliament and of the Council of 27 April 2016 on the protection of individuals with regard to the processing of personal data and free movement of such data and repealing Directive 95\/46 \/ EC (hereinafter referred to as the \u201cRegulation\u201d), Act No. 110\/2019 Coll., on the processing of personal data, as amended, and Act No. 480\/2004 Coll., on certain information society services and on the amendment of certain laws, as amended.<\/p>\r\n<p>When visiting and using the web interface, certain personal data may also be obtained and stored via cookies.<\/p>\r\n<p>If personal data is processed through cookies, we process this personal data on the basis of your consent (which you give by setting the appropriate settings of your internet browser), or on the basis of our legitimate interest or for the purpose of concluding and fulfilling the contract (especially for first party cookies). especially for the purpose of providing user support, improving our services, including analysis of user behavior and marketing.<\/p>\r\n<p>We may only use your personal data for a purpose other than that for which it was collected with your consent.<\/p>\r\n<p>WHAT ARE COOKIES?<\/p>\r\n<p>Cookies are text files stored on the computer or other electronic device of each visitor of the web interface, which enable the functioning of the web interface.<\/p>\r\n<p>Not all cookies collect personal information; some only allow the web interface to work properly. You may refuse the use of cookies by selecting the appropriate settings on your Internet browser.<\/p>\r\n<p>Please note that if you refuse to use cookies, it is possible that you will not be able to take full advantage of all the functions of the web interface.<\/p>\r\n<p>WHAT COOKIES AND FOR WHAT PURPOSES DOES THE WEB INTERFACE USE?<\/p>\r\n<p>The web interface uses relational (temporary) cookies, which are automatically deleted when you finish browsing the web interface. It also uses persistent cookies that remain on your device until they expire or you delete them.<\/p>\r\n<p>The cookies used by the web interface are as follows:<\/p>\r\n<p><strong>\u2013 first party cookies<\/strong> \u2013 these cookies are assigned to the domain of our website; These are the necessary cookies and performance cookies that we use for concluding and fulfilling the contract, on the basis of our legitimate interest, or on the basis of the above-mentioned consent. These cookies can be temporary or permanent;<\/p>\r\n<p><strong>\u2013 necessary cookies<\/strong> \u2013 enable navigation on the web interface and the use of basic functions, they usually do not identify you in any way and it is not personal data;<\/p>\r\n<p><strong>\u2013 performance cookies<\/strong> \u2013 used to analyze the way the web interface is used (number of visits, time spent on the web interface, etc.); the data obtained by these cookies are usually anonymous;<\/p>\r\n<p><strong>\u2013 third party cookies<\/strong> \u2013 these cookies are assigned to a different domain than the domain of our website, even if you are on our website; based on your consent, these cookies allow us, in particular, to analyze our website and display customized advertising for you; these are functional cookies and targeted and advertising cookies;<\/p>\r\n<p><strong>\u2013 functional cookies<\/strong> \u2013 used to personalize content by remembering login data, geolocation, etc .; they may lead to the collection and processing of personal data;<\/p>\r\n<p><strong>\u2013 targeted and advertising cookies<\/strong> \u2013 used to display targeted ads on and off the web interface; through them, personal data may be collected and processed. We may share information about how you use our site with our social networking, advertising and analytics partners.<\/p>\r\n<p>USED \u200b\u200bSERVICES WORKING WITH COOKIES<\/p>\r\n<p>The web interface uses Google Analytics and, where applicable, other services provided by Google LLC (&#8220;Google&#8221;), a Facebook Pixel service provided by Facebook Inc. and the Sklik service provided by seznam.cz, a.s. These services work with information obtained through cookies.<\/p>\r\n<p>Google Analytics is used to obtain statistical information about your use of the web interface. Cookies obtained by this service expire depending on the browser settings, after a maximum of 2 years, or until they are manually deleted by you.<\/p>\r\n<p>Google Ads is used to identify you within the Google Display Network and to re-target your ads (retargeting and remarketing). Cookies obtained by this service expire depending on the browser settings, after a maximum of 18 months, or until they are manually deleted by you.<\/p>\r\n<p>Facebook Pixel is used to identify you within the Facebook Inc. advertising network. and to re-target your ads (retargeting and remarketing). Cookies obtained by this service expire depending on the browser settings, after a maximum of 2 years, or until they are manually deleted by you.<\/p>\r\n<p>The Sklik.cz service is used to identify you within the Seznam.cz advertising network and to re-target your advertising (retargeting and remarketing). Cookies obtained by this service expire depending on the browser settings, after a maximum of 18 months, or until they are manually deleted by you.<\/p>\r\n<p>If you&#8217;re interested in how Google uses the data it collects from us, and how to edit or disable processing, you can learn this information by clicking the following link: <a href=\"https:\/\/policies.google.com\/technologies\/partner-sites?hl=cs\">How Google uses data when you use our partners&#8217; websites or applications.<\/a><\/p>\r\n<p>HOW TO SET UP OR REFERENCE COOKIES PROCESSING<\/p>\r\n<p>Instructions on how to properly set up and manage the processing of cookies in your internet browser can be found here:<\/p>\r\n<p>Google Chrome \u2013&nbsp;<a href=\"https:\/\/support.google.com\/accounts\/answer\/61416?hl=cs\">https:\/\/support.google.com\/accounts\/answer\/61416?hl=cs<\/a><\/p>\r\n<p>Internet Explorer \u2013&nbsp;<a href=\"https:\/\/support.microsoft.com\/cs-cz\/help\/17442\/windows-internet-explorer-delete-manage-cookies\">https:\/\/support.microsoft.com\/cs-cz\/help\/17442\/windows-internet-explorer-delete-manage-cookies<\/a><\/p>\r\n<p>Microsoft Edge \u2013&nbsp;<a href=\"https:\/\/support.microsoft.com\/cs-cz\/help\/4468242\/microsoft-edge-browsing-data-and-privacy-microsoft-privacy\">https:\/\/support.microsoft.com\/cs-cz\/help\/4468242\/microsoft-edge-browsing-data-and-privacy-microsoft-privacy<\/a><\/p>\r\n<p>Mozilla Firefox \u2013&nbsp;<a href=\"https:\/\/support.mozilla.org\/cs\/kb\/vymazani-cookies-dat-stranek?redirectlocale=cs&amp;redirectslug=vymazani-cookies\">https:\/\/support.mozilla.org\/cs\/kb\/vymazani-cookies-dat-stranek?redirectlocale=cs&amp;redirectslug=vymazani-cookies<\/a><\/p>\r\n<p>Opera \u2013&nbsp;<a href=\"https:\/\/help.opera.com\/cs\/latest\/web-preferences\/#cookies\">https:\/\/help.opera.com\/cs\/latest\/web-preferences\/#cookies<\/a><\/p>\r\n<p>Safari \u2013&nbsp;<a href=\"https:\/\/support.apple.com\/cs-cz\/guide\/safari\/sfri11471\/mac\">https:\/\/support.apple.com\/cs-cz\/guide\/safari\/sfri11471\/mac<\/a><\/p>\r\n<h2 class=\"wp-block-heading\"><\/h2>","protected":false},"excerpt":{"rendered":"<p>PRIVACY POLICY This Privacy Policy (the &#8220;Policy&#8221;) describes how to obtain, use and further handle personal data obtained through the agsu.cz web interface (the &#8220;Web Interface&#8221;). Personal data controller: Aliance galeri\u00ed sou\u010dasn\u00e9ho um\u011bn\u00ed, z.s. K\u0159\u00ed\u017ekovsk\u00e9ho 1288\/10 Prague 3 &#8211; \u017di\u017ekov 130 00 Contact details of the personal data controller: info@agsu.cz The protection of personal data [&hellip;]<\/p>\n","protected":false},"author":1,"featured_media":0,"parent":0,"menu_order":0,"comment_status":"closed","ping_status":"open","template":"","meta":{"_acf_changed":false,"footnotes":""},"class_list":["post-3","page","type-page","status-publish","hentry","wpautop"],"acf":[],"aioseo_notices":[],"_links":{"self":[{"href":"https:\/\/agsu.cz\/en\/wp-json\/wp\/v2\/pages\/3","targetHints":{"allow":["GET"]}}],"collection":[{"href":"https:\/\/agsu.cz\/en\/wp-json\/wp\/v2\/pages"}],"about":[{"href":"https:\/\/agsu.cz\/en\/wp-json\/wp\/v2\/types\/page"}],"author":[{"embeddable":true,"href":"https:\/\/agsu.cz\/en\/wp-json\/wp\/v2\/users\/1"}],"replies":[{"embeddable":true,"href":"https:\/\/agsu.cz\/en\/wp-json\/wp\/v2\/comments?post=3"}],"version-history":[{"count":0,"href":"https:\/\/agsu.cz\/en\/wp-json\/wp\/v2\/pages\/3\/revisions"}],"wp:attachment":[{"href":"https:\/\/agsu.cz\/en\/wp-json\/wp\/v2\/media?parent=3"}],"curies":[{"name":"wp","href":"https:\/\/api.w.org\/{rel}","templated":true}]}}