{"id":42,"date":"2020-12-28T20:13:16","date_gmt":"2020-12-28T19:13:16","guid":{"rendered":"https:\/\/agsu.cz\/?page_id=42"},"modified":"2021-02-10T11:33:43","modified_gmt":"2021-02-10T10:33:43","slug":"press","status":"publish","type":"page","link":"https:\/\/agsu.cz\/cs\/press","title":{"rendered":"Press"},"content":{"rendered":"<p><\/p>\n<h2><a href=\"https:\/\/agsu.cz\/wp-content\/uploads\/2021\/01\/agsu_press_pack.zip\">St\u00e1hnout PRESS PACK<\/a><\/h2>\n<h2>Aliance galeri\u00ed sou\u010dasn\u00e9ho um\u011bn\u00ed&nbsp;<\/h2>\n<h3>Lucie Drdov\u00e1 a Miloslav Vorl\u00ed\u010dek: Ka\u017ed\u00e1 galerie je teoreticky prodejn\u00ed<\/h3>\n<p><a href=\"https:\/\/artalk.cz\/2020\/11\/12\/lucie-drdova-a-miloslav-vorlicek-kazda-galerie-je-teoreticky-prodejni\/\" target=\"_blank\" rel=\"noopener\">artalk.cz<\/a><\/p>\n<h3>S Luci\u00ed Drdovou do sv\u011bta sou\u010dasn\u00e9ho um\u011bn\u00ed<\/h3>\n<p><a href=\"https:\/\/novinyanovinky.cz\/clanek\/s-lucii-drdovou-do-sveta-soucasneho-umeni\/\" target=\"_blank\" rel=\"noopener\">novinyanovinky.cz<\/a><\/p>\n<h2>SUMO 2020<\/h2>\n<h3>Netflix, digisexualita i xanax. Sou\u010dasn\u00e9 um\u011bn\u00ed zrcadl\u00ed spole\u010dnost po koronakrizi<\/h3>\n<p><a href=\"https:\/\/www.lidovky.cz\/relax\/design\/spoluprace-misto-souboje-to-jsou-pravidla-nove-umelecke-prehlidky-sumo.A200907_152155_ln-bydleni_ape\" target=\"_blank\" rel=\"noopener\">lidovky.cz<\/a><\/p>\n<h3>Projekt Sumo p\u0159edstavuje nov\u00e9 formy sou\u010dasn\u00e9ho um\u011bn\u00ed. V\u00fdstavy si prohl\u00e9dnete v dev\u00edti galeri\u00edch<\/h3>\n<p><a href=\"https:\/\/dabpraha.rozhlas.cz\/projekt-sumo-predstavuje-nove-formy-soucasneho-umeni-vystavy-si-prohlednete-v-8293833\" target=\"_blank\" rel=\"noopener\">dabpraha.rozhlas.cz<\/a><\/p>\n<h3>SPECIAL FEATURE: SUMO (The Odd Year)<\/h3>\n<p><a href=\"https:\/\/artviewer.org\/special-feature-sumo-the-odd-year\/\" target=\"_blank\" rel=\"noopener\">artviewer.org<\/a><\/p>","protected":false},"excerpt":{"rendered":"<p>St\u00e1hnout PRESS PACK Aliance galeri\u00ed sou\u010dasn\u00e9ho um\u011bn\u00ed&nbsp; Lucie Drdov\u00e1 a Miloslav Vorl\u00ed\u010dek: Ka\u017ed\u00e1 galerie je teoreticky prodejn\u00ed artalk.cz S Luci\u00ed Drdovou do sv\u011bta sou\u010dasn\u00e9ho um\u011bn\u00ed novinyanovinky.cz SUMO 2020 Netflix, digisexualita i xanax. Sou\u010dasn\u00e9 um\u011bn\u00ed zrcadl\u00ed spole\u010dnost po koronakrizi lidovky.cz Projekt Sumo p\u0159edstavuje nov\u00e9 formy sou\u010dasn\u00e9ho um\u011bn\u00ed. V\u00fdstavy si prohl\u00e9dnete v dev\u00edti galeri\u00edch dabpraha.rozhlas.cz SPECIAL FEATURE: [&hellip;]<\/p>\n","protected":false},"author":1,"featured_media":0,"parent":0,"menu_order":0,"comment_status":"closed","ping_status":"closed","template":"","meta":{"_acf_changed":false,"footnotes":""},"class_list":["post-42","page","type-page","status-publish","hentry","wpautop"],"acf":[],"aioseo_notices":[],"_links":{"self":[{"href":"https:\/\/agsu.cz\/cs\/wp-json\/wp\/v2\/pages\/42","targetHints":{"allow":["GET"]}}],"collection":[{"href":"https:\/\/agsu.cz\/cs\/wp-json\/wp\/v2\/pages"}],"about":[{"href":"https:\/\/agsu.cz\/cs\/wp-json\/wp\/v2\/types\/page"}],"author":[{"embeddable":true,"href":"https:\/\/agsu.cz\/cs\/wp-json\/wp\/v2\/users\/1"}],"replies":[{"embeddable":true,"href":"https:\/\/agsu.cz\/cs\/wp-json\/wp\/v2\/comments?post=42"}],"version-history":[{"count":0,"href":"https:\/\/agsu.cz\/cs\/wp-json\/wp\/v2\/pages\/42\/revisions"}],"wp:attachment":[{"href":"https:\/\/agsu.cz\/cs\/wp-json\/wp\/v2\/media?parent=42"}],"curies":[{"name":"wp","href":"https:\/\/api.w.org\/{rel}","templated":true}]}}