{"id":38,"date":"2020-12-28T20:12:43","date_gmt":"2020-12-28T19:12:43","guid":{"rendered":"https:\/\/agsu.cz\/?page_id=38"},"modified":"2022-09-29T10:19:17","modified_gmt":"2022-09-29T08:19:17","slug":"o-alianci","status":"publish","type":"page","link":"https:\/\/agsu.cz\/cs\/o-alianci","title":{"rendered":"O alianci"},"content":{"rendered":"<p>Aliance galeri\u00ed sou\u010dasn\u00e9ho um\u011bn\u00ed (AGSU) je partnersk\u00e9 uskupen\u00ed galeri\u00ed, kter\u00e9 d\u00edky kolektivn\u00ed platform\u011b form\u00e1ln\u011b iniciuje spole\u010dn\u00e9 projekty, sd\u00edl\u00ed n\u00e1pady a rozv\u00edj\u00ed diskusi o tom, jak nejefektivn\u011bji spolupracovat, za c\u00edlem kultivovat origin\u00e1ln\u00ed a vysoce kvalitn\u00ed um\u011bleckou sc\u00e9nu sou\u010dasn\u00e9ho um\u011bn\u00ed, kter\u00e1 bude prosp\u00edvat v\u0161em.<\/p>\n<h2>Participuj\u00edc\u00ed galerie:<\/h2>\n<p><a href=\"https:\/\/www.facebook.com\/galerieam180\/\" target=\"_blank\" rel=\"noopener\">Galerie A.M.180<\/a><br \/>\n<a href=\"https:\/\/berlinskejmodel.cz\" target=\"_blank\" rel=\"noopener\">Berlinskej model<\/a><br \/>\n<a href=\"https:\/\/citysurferoffice.tumblr.com\/\" target=\"_blank\" rel=\"noopener\">City Surfer Office<\/a><br \/>\n<a href=\"https:\/\/www.fcca.cz\/\" target=\"_blank\" rel=\"noopener\">Nadace a Centrum pro sou\u010dasn\u00e9 um\u011bn\u00ed Praha<\/a><br \/>\n<a href=\"http:\/\/huntkastner.com\/\" target=\"_blank\" rel=\"noopener\">hunt kastner<\/a><br \/>\n<a href=\"https:\/\/drdovagallery.com\" target=\"_blank\" rel=\"noopener\">Lucie Drdova Gallery<\/a><br \/>\n<a href=\"http:\/\/polanskygallery.com\/\" target=\"_blank\" rel=\"noopener\">Polansky<\/a><br \/>\n<a href=\"http:\/\/www.zahoriangallery.com\/new\/\" target=\"_blank\" rel=\"noopener\">Zahorian &amp; Van Espen<\/a><\/p>\n<h2>Etick\u00fd kodex galeri\u00ed a um\u011blc\u016f:<\/h2>\n<p><a href=\"\/wp-content\/uploads\/2021\/01\/code-_CZ.pdf\" target=\"_blank\" rel=\"noopener\">Zobrazit (PDF)<\/a><\/p>","protected":false},"excerpt":{"rendered":"<p>Aliance galeri\u00ed sou\u010dasn\u00e9ho um\u011bn\u00ed (AGSU) je partnersk\u00e9 uskupen\u00ed galeri\u00ed, kter\u00e9 d\u00edky kolektivn\u00ed platform\u011b form\u00e1ln\u011b iniciuje spole\u010dn\u00e9 projekty, sd\u00edl\u00ed n\u00e1pady a rozv\u00edj\u00ed diskusi o tom, jak nejefektivn\u011bji spolupracovat, za c\u00edlem kultivovat origin\u00e1ln\u00ed a vysoce kvalitn\u00ed um\u011bleckou sc\u00e9nu sou\u010dasn\u00e9ho um\u011bn\u00ed, kter\u00e1 bude prosp\u00edvat v\u0161em. Participuj\u00edc\u00ed galerie: Galerie A.M.180 Berlinskej model City Surfer Office Nadace a Centrum pro [&hellip;]<\/p>\n","protected":false},"author":1,"featured_media":0,"parent":0,"menu_order":0,"comment_status":"closed","ping_status":"closed","template":"","meta":{"_acf_changed":false,"footnotes":""},"class_list":["post-38","page","type-page","status-publish","hentry","wpautop"],"acf":[],"aioseo_notices":[],"_links":{"self":[{"href":"https:\/\/agsu.cz\/cs\/wp-json\/wp\/v2\/pages\/38","targetHints":{"allow":["GET"]}}],"collection":[{"href":"https:\/\/agsu.cz\/cs\/wp-json\/wp\/v2\/pages"}],"about":[{"href":"https:\/\/agsu.cz\/cs\/wp-json\/wp\/v2\/types\/page"}],"author":[{"embeddable":true,"href":"https:\/\/agsu.cz\/cs\/wp-json\/wp\/v2\/users\/1"}],"replies":[{"embeddable":true,"href":"https:\/\/agsu.cz\/cs\/wp-json\/wp\/v2\/comments?post=38"}],"version-history":[{"count":0,"href":"https:\/\/agsu.cz\/cs\/wp-json\/wp\/v2\/pages\/38\/revisions"}],"wp:attachment":[{"href":"https:\/\/agsu.cz\/cs\/wp-json\/wp\/v2\/media?parent=38"}],"curies":[{"name":"wp","href":"https:\/\/api.w.org\/{rel}","templated":true}]}}