{"id":3,"date":"2020-12-28T12:53:00","date_gmt":"2020-12-28T11:53:00","guid":{"rendered":"http:\/\/agsu.cz\/?page_id=3"},"modified":"2021-03-16T09:45:47","modified_gmt":"2021-03-16T08:45:47","slug":"ochrana-osobnich-udaju","status":"publish","type":"page","link":"https:\/\/agsu.cz\/cs\/ochrana-osobnich-udaju","title":{"rendered":"Z\u00e1sady ochrany osobn\u00edch \u00fadaj\u016f"},"content":{"rendered":"<p>Z\u00c1SADY OCHRANY OSOBN\u00cdCH \u00daDAJ\u016e<\/p>\r\n<p>Tyto z\u00e1sady ochrany osobn\u00edch \u00fadaj\u016f (d\u00e1le jen \u201e<strong>Z\u00e1sady<\/strong>\u201c) popisuj\u00ed zp\u016fsob z\u00edsk\u00e1v\u00e1n\u00ed, pou\u017e\u00edv\u00e1n\u00ed a dal\u0161\u00edho nakl\u00e1d\u00e1n\u00ed s osobn\u00edmi \u00fadaji z\u00edskan\u00fdmi prost\u0159ednictv\u00edm webov\u00e9ho rozhran\u00ed&nbsp;<a href=\"https:\/\/agsu.cz\">agsu.cz <\/a>(d\u00e1le jen \u201ewebov\u00e9 rozhran\u00ed\u201c)<\/p>\r\n<p><strong>Spr\u00e1vce osobn\u00edch \u00fadaj\u016f:<\/strong><\/p>\r\n<p>Aliance galeri\u00ed sou\u010dasn\u00e9ho um\u011bn\u00ed, z.s.<\/p>\r\n<p>K\u0159\u00ed\u017ekovsk\u00e9ho 1288\/10<\/p>\r\n<p>Praha 3 \u2013 \u017di\u017ekov<\/p>\r\n<p>130 00<\/p>\r\n<p>I\u010c:<\/p>\r\n<p><strong>Kontaktn\u00ed \u00fadaje spr\u00e1vce osobn\u00edch \u00fadaj\u016f:<\/strong><\/p>\r\n<p>info@agsu.cz<\/p>\r\n<p><strong>Ochrana osobn\u00edch \u00fadaj\u016f je pro n\u00e1s velice d\u016fle\u017eit\u00e1. Pros\u00edme o d\u016fsledn\u00e9 sezn\u00e1men\u00ed se s t\u011bmito Z\u00e1sadami, kter\u00e9 obsahuj\u00ed d\u016fle\u017eit\u00e9 informace t\u00fdkaj\u00edc\u00ed se nakl\u00e1d\u00e1n\u00ed s va\u0161imi osobn\u00edmi \u00fadaji a souvisej\u00edc\u00edch pr\u00e1v a povinnost\u00ed.<\/strong><\/p>\r\n<p>&nbsp;<\/p>\r\n<p>\u00daVODN\u00cd USTANOVEN\u00cd<\/p>\r\n<p>P\u0159i nakl\u00e1d\u00e1n\u00ed s osobn\u00edmi \u00fadaji postupujeme v souladu s pr\u00e1vn\u00edm \u0159\u00e1dem \u010cesk\u00e9 republiky a p\u0159\u00edmo pou\u017eiteln\u00fdmi p\u0159edpisy Evropsk\u00e9 unie, zejm\u00e9na s na\u0159\u00edzen\u00edm Evropsk\u00e9ho parlamentu a Rady (EU) 2016\/679 ze dne 27. dubna 2016 o ochran\u011b fyzick\u00fdch osob v souvislosti se zpracov\u00e1n\u00edm osobn\u00edch \u00fadaj\u016f a o voln\u00e9m pohybu t\u011bchto \u00fadaj\u016f a o zru\u0161en\u00ed sm\u011brnice 95\/46\/ES (d\u00e1le jen \u201e<strong>na\u0159\u00edzen\u00ed<\/strong>\u201c), z\u00e1konem \u010d. 110\/2019 Sb., o zpracov\u00e1n\u00ed osobn\u00edch \u00fadaj\u016f, v platn\u00e9m zn\u011bn\u00ed, a z\u00e1konem \u010d. 480\/2004 Sb., o n\u011bkter\u00fdch slu\u017eb\u00e1ch informa\u010dn\u00ed spole\u010dnosti a o zm\u011bn\u011b n\u011bkter\u00fdch z\u00e1kon\u016f, ve zn\u011bn\u00ed pozd\u011bj\u0161\u00edch p\u0159edpis\u016f.<\/p>\r\n<p>P\u0159i n\u00e1v\u0161t\u011bv\u011b a u\u017e\u00edv\u00e1n\u00ed webov\u00e9ho rozhran\u00ed m\u016f\u017ee d\u00e1le doch\u00e1zet k z\u00edsk\u00e1v\u00e1n\u00ed a ukl\u00e1d\u00e1n\u00ed n\u011bkter\u00fdch osobn\u00edch \u00fadaj\u016f prost\u0159ednictv\u00edm soubor\u016f cookies.<\/p>\r\n<p>Pokud&nbsp;<strong>prost\u0159ednictv\u00edm soubor\u016f cookies<\/strong>&nbsp;doch\u00e1z\u00ed ke zpracov\u00e1n\u00ed osobn\u00edch \u00fadaj\u016f, tyto osobn\u00ed \u00fadaje zpracov\u00e1v\u00e1me na z\u00e1klad\u011b va\u0161eho souhlasu (kter\u00fd ud\u011blujete p\u0159\u00edslu\u0161n\u00fdm nastaven\u00edm va\u0161eho internetov\u00e9ho prohl\u00ed\u017ee\u010de), p\u0159\u00edpadn\u011b na z\u00e1klad\u011b na\u0161eho opr\u00e1vn\u011bn\u00e9ho z\u00e1jmu nebo pro \u00fa\u010dely uzav\u0159en\u00ed a pln\u011bn\u00ed smlouvy (t\u00fdk\u00e1 se zejm\u00e9na cookies prvn\u00ed strany), a to zejm\u00e9na pro \u00fa\u010dely&nbsp;<strong>prov\u00e1d\u011bn\u00ed u\u017eivatelsk\u00e9 podpory, zlep\u0161ov\u00e1n\u00ed na\u0161ich slu\u017eeb v\u010detn\u011b anal\u00fdzy chov\u00e1n\u00ed u\u017eivatel\u016f a marketingu<\/strong>.<\/p>\r\n<p><strong>Pou\u017e\u00edt va\u0161e osobn\u00ed \u00fadaje k jin\u00e9mu \u00fa\u010delu, ne\u017e pro kter\u00fd byly z\u00edsk\u00e1ny, m\u016f\u017eeme jen na z\u00e1klad\u011b va\u0161eho souhlasu.<\/strong><\/p>\r\n<p>CO JSOU TO COOKIES?<\/p>\r\n<p>Cookies jsou textov\u00e9 soubory ukl\u00e1dan\u00e9 do po\u010d\u00edta\u010de nebo jin\u00e9ho elektronick\u00e9ho za\u0159\u00edzen\u00ed ka\u017ed\u00e9ho n\u00e1v\u0161t\u011bvn\u00edka webov\u00e9ho rozhran\u00ed, kter\u00e9 umo\u017e\u0148uj\u00ed fungov\u00e1n\u00ed webov\u00e9ho rozhran\u00ed.<\/p>\r\n<p>Ne v\u0161echny cookies shroma\u017e\u010fuj\u00ed osobn\u00ed \u00fadaje; n\u011bkter\u00e9 pouze umo\u017e\u0148uj\u00ed spr\u00e1vn\u00e9 fungov\u00e1n\u00ed webov\u00e9ho rozhran\u00ed. Pou\u017e\u00edv\u00e1n\u00ed soubor\u016f cookies m\u016f\u017eete odm\u00edtnout volbou v p\u0159\u00edslu\u0161n\u00e9m nastaven\u00ed v internetov\u00e9m prohl\u00ed\u017ee\u010di.<\/p>\r\n<p>Upozor\u0148ujeme na to, \u017ee p\u0159i odm\u00edtnut\u00ed pou\u017e\u00edv\u00e1n\u00ed soubor\u016f cookies nen\u00ed vylou\u010deno, \u017ee nebudete moci pln\u011b vyu\u017e\u00edvat ve\u0161ker\u00e9 funkce webov\u00e9ho rozhran\u00ed.<\/p>\r\n<p>JAK\u00c9 COOKIES A PRO JAK\u00c9 \u00da\u010cELY JE WEBOV\u00c9 ROZHRAN\u00cd VYU\u017d\u00cdV\u00c1?<\/p>\r\n<p>Webov\u00e9 rozhran\u00ed pou\u017e\u00edv\u00e1 rela\u010dn\u00ed (do\u010dasn\u00e9) cookies, kter\u00e9 jsou automaticky maz\u00e1ny po ukon\u010den\u00ed prohl\u00ed\u017een\u00ed webov\u00e9ho rozhran\u00ed. D\u00e1le vyu\u017e\u00edv\u00e1 trval\u00e9 cookies, kter\u00e9 z\u016fst\u00e1vaj\u00ed ve va\u0161em za\u0159\u00edzen\u00ed, dokud nedojde k jejich expiraci nebo dokud je nesma\u017eete.<\/p>\r\n<p>Cookies, kter\u00e9 vyu\u017e\u00edv\u00e1 webov\u00e9 rozhran\u00ed, jsou n\u00e1sleduj\u00edc\u00ed:<\/p>\r\n<p>\u2013&nbsp;<strong>cookies prvn\u00ed strany<\/strong>&nbsp;\u2013 tyto cookies jsou p\u0159i\u0159azeny k dom\u00e9n\u011b na\u0161eho webu; jedn\u00e1 se o nezbytn\u00e9 cookies a v\u00fdkonnostn\u00ed cookies, kter\u00e9 vyu\u017e\u00edv\u00e1me pro uzav\u00edr\u00e1n\u00ed a pln\u011bn\u00ed smlouvy, na z\u00e1klad\u011b na\u0161eho opr\u00e1vn\u011bn\u00e9ho z\u00e1jmu, p\u0159\u00edpadn\u011b na z\u00e1klad\u011b v\u00fd\u0161e uveden\u00e9ho souhlasu. Tyto cookies mohou b\u00fdt do\u010dasn\u00e9 nebo trval\u00e9;<\/p>\r\n<p>\u2013&nbsp;<strong>nezbytn\u00e9 cookies<\/strong>&nbsp;\u2013 umo\u017e\u0148uj\u00ed navigaci na webov\u00e9m rozhran\u00ed a vyu\u017e\u00edv\u00e1n\u00ed z\u00e1kladn\u00edch funkc\u00ed, zpravidla v\u00e1s nijak neidentifikuj\u00ed a nejedn\u00e1 se o osobn\u00ed \u00fadaje;<\/p>\r\n<p>\u2013&nbsp;<strong>v\u00fdkonnostn\u00ed cookies<\/strong>&nbsp;\u2013 slou\u017e\u00ed pro anal\u00fdzu zp\u016fsobu vyu\u017e\u00edv\u00e1n\u00ed webov\u00e9ho rozhran\u00ed (po\u010det n\u00e1v\u0161t\u011bv, \u010das str\u00e1ven\u00fd na webov\u00e9m rozhran\u00ed apod.); \u00fadaje z\u00edskan\u00e9 t\u011bmito cookies jsou zpravidla anonymn\u00ed;<\/p>\r\n<p>\u2013&nbsp;<strong>cookies t\u0159et\u00edch stran<\/strong>&nbsp;\u2013 tyto cookies jsou p\u0159i\u0159azeny k jin\u00e9 dom\u00e9n\u011b, ne\u017e je dom\u00e9na na\u0161eho webu, a to i kdy\u017e se nach\u00e1z\u00edte na na\u0161em webu; tyto cookies n\u00e1m na z\u00e1klad\u011b va\u0161eho souhlasu umo\u017e\u0148uj\u00ed zejm\u00e9na analyzovat n\u00e1\u0161 web a zobrazovat pro v\u00e1s reklamu na m\u00edru; jedn\u00e1 se o funk\u010dn\u00ed cookies a c\u00edlen\u00e9 a reklamn\u00ed cookies;<\/p>\r\n<p>\u2013&nbsp;<strong>funk\u010dn\u00ed cookies<\/strong>&nbsp;\u2013 slou\u017e\u00ed k personalizaci obsahu prost\u0159ednictv\u00edm zapamatov\u00e1n\u00ed p\u0159ihla\u0161ovac\u00edch \u00fadaj\u016f, geolokace apod.; jejich prost\u0159ednictv\u00edm m\u016f\u017ee doch\u00e1zet k z\u00edsk\u00e1v\u00e1n\u00ed a zpracov\u00e1n\u00ed osobn\u00edch \u00fadaj\u016f;<\/p>\r\n<p>\u2013&nbsp;<strong>c\u00edlen\u00e9 a reklamn\u00ed cookies<\/strong>&nbsp;\u2013 slou\u017e\u00ed k zobrazov\u00e1n\u00ed c\u00edlen\u00fdch reklam na webov\u00e9m rozhran\u00ed i mimo n\u011b; jejich prost\u0159ednictv\u00edm m\u016f\u017ee doch\u00e1zet k z\u00edsk\u00e1v\u00e1n\u00ed a zpracov\u00e1n\u00ed osobn\u00edch \u00fadaj\u016f. Informace o tom, jak n\u00e1\u0161 web vyu\u017e\u00edv\u00e1te, m\u016f\u017eeme d\u00e1le sd\u00edlet s na\u0161imi partnery z oblasti soci\u00e1ln\u00edch s\u00edt\u00ed, inzerce a anal\u00fdz.<\/p>\r\n<p>POU\u017d\u00cdVAN\u00c9 SLU\u017dBY PRACUJ\u00cdC\u00cd S COOKIES<\/p>\r\n<p>Webov\u00e9 rozhran\u00ed pou\u017e\u00edv\u00e1 slu\u017ebu Google Analytics a p\u0159\u00edpadn\u011b i dal\u0161\u00ed slu\u017eby poskytovan\u00e9 spole\u010dnost\u00ed Google LLC (d\u00e1le jen \u201e<strong>Google<\/strong>\u201c), slu\u017ebu Facebook Pixel poskytovanou spole\u010dnost\u00ed Facebook Inc. a slu\u017ebu Sklik poskytovanou spole\u010dnost\u00ed Seznam.cz, a.s. Tyto slu\u017eby pracuj\u00ed s informacemi z\u00edskan\u00fdmi prost\u0159ednictv\u00edm soubor\u016f cookies.<\/p>\r\n<p>Slu\u017eba Google Analytics slou\u017e\u00ed k z\u00edsk\u00e1n\u00ed statistick\u00fdch informac\u00ed o va\u0161em u\u017e\u00edv\u00e1n\u00ed webov\u00e9ho rozhran\u00ed. Soubory cookies z\u00edskan\u00e9 touto slu\u017ebou expiruj\u00ed v z\u00e1vislosti na nastaven\u00ed prohl\u00ed\u017ee\u010de, nejv\u00fd\u0161e pak po 2 letech, pop\u0159\u00edpad\u011b dokud nedojde k jejich manu\u00e1ln\u00edmu odstran\u011bn\u00ed z va\u0161\u00ed strany.<\/p>\r\n<p>Slu\u017eba Google Ads slou\u017e\u00ed k va\u0161\u00ed identifikaci v r\u00e1mci reklamn\u00ed s\u00edt\u011b spole\u010dnosti Google a k op\u011btovn\u00e9mu c\u00edlen\u00ed reklamy (retargeting a remarketing). Soubory cookies z\u00edskan\u00e9 touto slu\u017ebou expiruj\u00ed v z\u00e1vislosti na nastaven\u00ed prohl\u00ed\u017ee\u010de, nejv\u00fd\u0161e pak po 18 m\u011bs\u00edc\u00edch, pop\u0159\u00edpad\u011b dokud nedojde k jejich manu\u00e1ln\u00edmu odstran\u011bn\u00ed z va\u0161\u00ed strany.<\/p>\r\n<p>Slu\u017eba Facebook Pixel slou\u017e\u00ed k va\u0161\u00ed identifikaci v r\u00e1mci reklamn\u00ed s\u00edt\u011b spole\u010dnosti Facebook Inc. a k op\u011btovn\u00e9mu c\u00edlen\u00ed reklamy (retargeting a remarketing). Soubory cookies z\u00edskan\u00e9 touto slu\u017ebou expiruj\u00ed v z\u00e1vislosti na nastaven\u00ed prohl\u00ed\u017ee\u010de, nejv\u00fd\u0161e pak po 2 letech, pop\u0159\u00edpad\u011b dokud nedojde k jejich manu\u00e1ln\u00edmu odstran\u011bn\u00ed z va\u0161\u00ed strany.<\/p>\r\n<p>Slu\u017eba Sklik.cz slou\u017e\u00ed k va\u0161\u00ed identifikaci v r\u00e1mci reklamn\u00ed s\u00edt\u011b spole\u010dnosti Seznam.cz a k op\u011btovn\u00e9mu c\u00edlen\u00ed reklamy (retargeting a remarketing). Soubory cookies z\u00edskan\u00e9 touto slu\u017ebou expiruj\u00ed v z\u00e1vislosti na nastaven\u00ed prohl\u00ed\u017ee\u010de, nejv\u00fd\u0161e pak po 18 m\u011bs\u00edc\u00edch, pop\u0159\u00edpad\u011b dokud nedojde k jejich manu\u00e1ln\u00edmu odstran\u011bn\u00ed z va\u0161\u00ed strany.<\/p>\r\n<p>Pokud v\u00e1s zaj\u00edm\u00e1, jak Google vyu\u017e\u00edv\u00e1 data, kter\u00e9 od n\u00e1s z\u00edsk\u00e1v\u00e1, a jak zpracov\u00e1n\u00ed upravit nebo zak\u00e1zat, dozv\u00edte se tyto informace kliknut\u00edm na n\u00e1sleduj\u00edc\u00ed odkaz:&nbsp;<a href=\"https:\/\/www.google.com\/intl\/cs\/policies\/privacy\/partners\/\">Jak Google vyu\u017e\u00edv\u00e1 data, kdy\u017e pou\u017e\u00edv\u00e1te weby nebo aplikace na\u0161ich partner\u016f<\/a>.<\/p>\r\n<p>JAK NASTAVIT A P\u0158\u00cdPADN\u011a ODM\u00cdTNOUT ZPRACOV\u00c1N\u00cd SOUBOR\u016e COOKIES<\/p>\r\n<p>N\u00e1vod, jak spr\u00e1vn\u011b nastavit a spravovat zpracov\u00e1n\u00ed soubor\u016f cookies ve va\u0161em internetov\u00e9m prohl\u00ed\u017ee\u010di, naleznete zde:<\/p>\r\n<p>Google Chrome \u2013&nbsp;<a href=\"https:\/\/support.google.com\/accounts\/answer\/61416?hl=cs\">https:\/\/support.google.com\/accounts\/answer\/61416?hl=cs<\/a><\/p>\r\n<p>Internet Explorer \u2013&nbsp;<a href=\"https:\/\/support.microsoft.com\/cs-cz\/help\/17442\/windows-internet-explorer-delete-manage-cookies\">https:\/\/support.microsoft.com\/cs-cz\/help\/17442\/windows-internet-explorer-delete-manage-cookies<\/a><\/p>\r\n<p>Microsoft Edge \u2013&nbsp;<a href=\"https:\/\/support.microsoft.com\/cs-cz\/help\/4468242\/microsoft-edge-browsing-data-and-privacy-microsoft-privacy\">https:\/\/support.microsoft.com\/cs-cz\/help\/4468242\/microsoft-edge-browsing-data-and-privacy-microsoft-privacy<\/a><\/p>\r\n<p>Mozilla Firefox \u2013&nbsp;<a href=\"https:\/\/support.mozilla.org\/cs\/kb\/vymazani-cookies-dat-stranek?redirectlocale=cs&amp;redirectslug=vymazani-cookies\">https:\/\/support.mozilla.org\/cs\/kb\/vymazani-cookies-dat-stranek?redirectlocale=cs&amp;redirectslug=vymazani-cookies<\/a><\/p>\r\n<p>Opera \u2013&nbsp;<a href=\"https:\/\/help.opera.com\/cs\/latest\/web-preferences\/#cookies\">https:\/\/help.opera.com\/cs\/latest\/web-preferences\/#cookies<\/a><\/p>\r\n<p>Safari \u2013&nbsp;<a href=\"https:\/\/support.apple.com\/cs-cz\/guide\/safari\/sfri11471\/mac\">https:\/\/support.apple.com\/cs-cz\/guide\/safari\/sfri11471\/mac<\/a><\/p>\r\n<p>&nbsp;<\/p>","protected":false},"excerpt":{"rendered":"<p>Z\u00c1SADY OCHRANY OSOBN\u00cdCH \u00daDAJ\u016e Tyto z\u00e1sady ochrany osobn\u00edch \u00fadaj\u016f (d\u00e1le jen \u201eZ\u00e1sady\u201c) popisuj\u00ed zp\u016fsob z\u00edsk\u00e1v\u00e1n\u00ed, pou\u017e\u00edv\u00e1n\u00ed a dal\u0161\u00edho nakl\u00e1d\u00e1n\u00ed s osobn\u00edmi \u00fadaji z\u00edskan\u00fdmi prost\u0159ednictv\u00edm webov\u00e9ho rozhran\u00ed&nbsp;agsu.cz (d\u00e1le jen \u201ewebov\u00e9 rozhran\u00ed\u201c) Spr\u00e1vce osobn\u00edch \u00fadaj\u016f: Aliance galeri\u00ed sou\u010dasn\u00e9ho um\u011bn\u00ed, z.s. K\u0159\u00ed\u017ekovsk\u00e9ho 1288\/10 Praha 3 \u2013 \u017di\u017ekov 130 00 I\u010c: Kontaktn\u00ed \u00fadaje spr\u00e1vce osobn\u00edch \u00fadaj\u016f: info@agsu.cz Ochrana osobn\u00edch [&hellip;]<\/p>\n","protected":false},"author":1,"featured_media":0,"parent":0,"menu_order":0,"comment_status":"closed","ping_status":"open","template":"","meta":{"_acf_changed":false,"footnotes":""},"class_list":["post-3","page","type-page","status-publish","hentry","wpautop"],"acf":[],"aioseo_notices":[],"_links":{"self":[{"href":"https:\/\/agsu.cz\/cs\/wp-json\/wp\/v2\/pages\/3","targetHints":{"allow":["GET"]}}],"collection":[{"href":"https:\/\/agsu.cz\/cs\/wp-json\/wp\/v2\/pages"}],"about":[{"href":"https:\/\/agsu.cz\/cs\/wp-json\/wp\/v2\/types\/page"}],"author":[{"embeddable":true,"href":"https:\/\/agsu.cz\/cs\/wp-json\/wp\/v2\/users\/1"}],"replies":[{"embeddable":true,"href":"https:\/\/agsu.cz\/cs\/wp-json\/wp\/v2\/comments?post=3"}],"version-history":[{"count":0,"href":"https:\/\/agsu.cz\/cs\/wp-json\/wp\/v2\/pages\/3\/revisions"}],"wp:attachment":[{"href":"https:\/\/agsu.cz\/cs\/wp-json\/wp\/v2\/media?parent=3"}],"curies":[{"name":"wp","href":"https:\/\/api.w.org\/{rel}","templated":true}]}}