{"id":11,"date":"2020-12-28T14:32:55","date_gmt":"2020-12-28T13:32:55","guid":{"rendered":"http:\/\/agsu.cz\/?page_id=11"},"modified":"2023-09-29T11:07:39","modified_gmt":"2023-09-29T09:07:39","slug":"aliance-galerii-soucasneho-umeni","status":"publish","type":"page","link":"https:\/\/agsu.cz\/cs\/","title":{"rendered":"Aliance galeri\u00ed sou\u010dasn\u00e9ho um\u011bn\u00ed"},"content":{"rendered":"","protected":false},"excerpt":{"rendered":"","protected":false},"author":1,"featured_media":0,"parent":0,"menu_order":0,"comment_status":"closed","ping_status":"closed","template":"template-homepage.php","meta":{"footnotes":""},"class_list":["post-11","page","type-page","status-publish","hentry","wpautop"],"acf":{"photo_gallery":{"galerie_hlavni_strana":[[{"id":225,"title":"010_SUMO_Garage Gallery_P4A1701","caption":"","full_image_url":"https:\/\/agsu.cz\/wp-content\/uploads\/2023\/09\/010_SUMO_Garage-Gallery_P4A1701.jpg","thumbnail_image_url":"https:\/\/agsu.cz\/wp-content\/uploads\/2023\/09\/010_SUMO_Garage-Gallery_P4A1701-256x256.jpg","large_srcset":"https:\/\/agsu.cz\/wp-content\/uploads\/2023\/09\/010_SUMO_Garage-Gallery_P4A1701.jpg 1920w, https:\/\/agsu.cz\/wp-content\/uploads\/2023\/09\/010_SUMO_Garage-Gallery_P4A1701-1024x683.jpg 1024w, https:\/\/agsu.cz\/wp-content\/uploads\/2023\/09\/010_SUMO_Garage-Gallery_P4A1701-1536x1024.jpg 1536w","medium_srcset":"https:\/\/agsu.cz\/wp-content\/uploads\/2023\/09\/010_SUMO_Garage-Gallery_P4A1701-1024x683.jpg 1024w, https:\/\/agsu.cz\/wp-content\/uploads\/2023\/09\/010_SUMO_Garage-Gallery_P4A1701-1536x1024.jpg 1536w, https:\/\/agsu.cz\/wp-content\/uploads\/2023\/09\/010_SUMO_Garage-Gallery_P4A1701.jpg 1920w","url":"","target":""},{"id":224,"title":"009_SUMO_Holesovicka Sachta_P4A2113","caption":"","full_image_url":"https:\/\/agsu.cz\/wp-content\/uploads\/2023\/09\/009_SUMO_Holesovicka-Sachta_P4A2113.jpg","thumbnail_image_url":"https:\/\/agsu.cz\/wp-content\/uploads\/2023\/09\/009_SUMO_Holesovicka-Sachta_P4A2113-256x256.jpg","large_srcset":"https:\/\/agsu.cz\/wp-content\/uploads\/2023\/09\/009_SUMO_Holesovicka-Sachta_P4A2113.jpg 1920w, https:\/\/agsu.cz\/wp-content\/uploads\/2023\/09\/009_SUMO_Holesovicka-Sachta_P4A2113-1024x683.jpg 1024w, https:\/\/agsu.cz\/wp-content\/uploads\/2023\/09\/009_SUMO_Holesovicka-Sachta_P4A2113-1536x1024.jpg 1536w","medium_srcset":"https:\/\/agsu.cz\/wp-content\/uploads\/2023\/09\/009_SUMO_Holesovicka-Sachta_P4A2113-1024x683.jpg 1024w, https:\/\/agsu.cz\/wp-content\/uploads\/2023\/09\/009_SUMO_Holesovicka-Sachta_P4A2113-1536x1024.jpg 1536w, https:\/\/agsu.cz\/wp-content\/uploads\/2023\/09\/009_SUMO_Holesovicka-Sachta_P4A2113.jpg 1920w","url":"","target":""},{"id":223,"title":"008_SUMO_Holesovicka sachta_P4A2044","caption":"","full_image_url":"https:\/\/agsu.cz\/wp-content\/uploads\/2023\/09\/008_SUMO_Holesovicka-sachta_P4A2044.jpg","thumbnail_image_url":"https:\/\/agsu.cz\/wp-content\/uploads\/2023\/09\/008_SUMO_Holesovicka-sachta_P4A2044-256x256.jpg","large_srcset":"https:\/\/agsu.cz\/wp-content\/uploads\/2023\/09\/008_SUMO_Holesovicka-sachta_P4A2044.jpg 1920w, https:\/\/agsu.cz\/wp-content\/uploads\/2023\/09\/008_SUMO_Holesovicka-sachta_P4A2044-1024x683.jpg 1024w, https:\/\/agsu.cz\/wp-content\/uploads\/2023\/09\/008_SUMO_Holesovicka-sachta_P4A2044-1536x1024.jpg 1536w","medium_srcset":"https:\/\/agsu.cz\/wp-content\/uploads\/2023\/09\/008_SUMO_Holesovicka-sachta_P4A2044-1024x683.jpg 1024w, https:\/\/agsu.cz\/wp-content\/uploads\/2023\/09\/008_SUMO_Holesovicka-sachta_P4A2044-1536x1024.jpg 1536w, https:\/\/agsu.cz\/wp-content\/uploads\/2023\/09\/008_SUMO_Holesovicka-sachta_P4A2044.jpg 1920w","url":"","target":""},{"id":222,"title":"007_SUMO_Berlinsky Model_P4A2023","caption":"","full_image_url":"https:\/\/agsu.cz\/wp-content\/uploads\/2023\/09\/007_SUMO_Berlinsky-Model_P4A2023.jpg","thumbnail_image_url":"https:\/\/agsu.cz\/wp-content\/uploads\/2023\/09\/007_SUMO_Berlinsky-Model_P4A2023-256x256.jpg","large_srcset":"https:\/\/agsu.cz\/wp-content\/uploads\/2023\/09\/007_SUMO_Berlinsky-Model_P4A2023.jpg 1920w, https:\/\/agsu.cz\/wp-content\/uploads\/2023\/09\/007_SUMO_Berlinsky-Model_P4A2023-1024x683.jpg 1024w, https:\/\/agsu.cz\/wp-content\/uploads\/2023\/09\/007_SUMO_Berlinsky-Model_P4A2023-1536x1024.jpg 1536w","medium_srcset":"https:\/\/agsu.cz\/wp-content\/uploads\/2023\/09\/007_SUMO_Berlinsky-Model_P4A2023-1024x683.jpg 1024w, https:\/\/agsu.cz\/wp-content\/uploads\/2023\/09\/007_SUMO_Berlinsky-Model_P4A2023-1536x1024.jpg 1536w, https:\/\/agsu.cz\/wp-content\/uploads\/2023\/09\/007_SUMO_Berlinsky-Model_P4A2023.jpg 1920w","url":"","target":""},{"id":221,"title":"006_SUMO_Berlinsky Model_P4A1897","caption":"","full_image_url":"https:\/\/agsu.cz\/wp-content\/uploads\/2023\/09\/006_SUMO_Berlinsky-Model_P4A1897.jpg","thumbnail_image_url":"https:\/\/agsu.cz\/wp-content\/uploads\/2023\/09\/006_SUMO_Berlinsky-Model_P4A1897-256x256.jpg","large_srcset":"https:\/\/agsu.cz\/wp-content\/uploads\/2023\/09\/006_SUMO_Berlinsky-Model_P4A1897.jpg 1920w, https:\/\/agsu.cz\/wp-content\/uploads\/2023\/09\/006_SUMO_Berlinsky-Model_P4A1897-1024x683.jpg 1024w, https:\/\/agsu.cz\/wp-content\/uploads\/2023\/09\/006_SUMO_Berlinsky-Model_P4A1897-1536x1024.jpg 1536w","medium_srcset":"https:\/\/agsu.cz\/wp-content\/uploads\/2023\/09\/006_SUMO_Berlinsky-Model_P4A1897-1024x683.jpg 1024w, https:\/\/agsu.cz\/wp-content\/uploads\/2023\/09\/006_SUMO_Berlinsky-Model_P4A1897-1536x1024.jpg 1536w, https:\/\/agsu.cz\/wp-content\/uploads\/2023\/09\/006_SUMO_Berlinsky-Model_P4A1897.jpg 1920w","url":"","target":""},{"id":220,"title":"005_SUMO_Berlinsky Model_P4A1828","caption":"","full_image_url":"https:\/\/agsu.cz\/wp-content\/uploads\/2023\/09\/005_SUMO_Berlinsky-Model_P4A1828.jpg","thumbnail_image_url":"https:\/\/agsu.cz\/wp-content\/uploads\/2023\/09\/005_SUMO_Berlinsky-Model_P4A1828-256x256.jpg","large_srcset":"https:\/\/agsu.cz\/wp-content\/uploads\/2023\/09\/005_SUMO_Berlinsky-Model_P4A1828.jpg 1920w, https:\/\/agsu.cz\/wp-content\/uploads\/2023\/09\/005_SUMO_Berlinsky-Model_P4A1828-1024x683.jpg 1024w, https:\/\/agsu.cz\/wp-content\/uploads\/2023\/09\/005_SUMO_Berlinsky-Model_P4A1828-1536x1024.jpg 1536w","medium_srcset":"https:\/\/agsu.cz\/wp-content\/uploads\/2023\/09\/005_SUMO_Berlinsky-Model_P4A1828-1024x683.jpg 1024w, https:\/\/agsu.cz\/wp-content\/uploads\/2023\/09\/005_SUMO_Berlinsky-Model_P4A1828-1536x1024.jpg 1536w, https:\/\/agsu.cz\/wp-content\/uploads\/2023\/09\/005_SUMO_Berlinsky-Model_P4A1828.jpg 1920w","url":"","target":""},{"id":219,"title":"004_SUMO_City Surfer_P4A1633","caption":"","full_image_url":"https:\/\/agsu.cz\/wp-content\/uploads\/2023\/09\/004_SUMO_City-Surfer_P4A1633.jpg","thumbnail_image_url":"https:\/\/agsu.cz\/wp-content\/uploads\/2023\/09\/004_SUMO_City-Surfer_P4A1633-256x256.jpg","large_srcset":"https:\/\/agsu.cz\/wp-content\/uploads\/2023\/09\/004_SUMO_City-Surfer_P4A1633.jpg 1920w, https:\/\/agsu.cz\/wp-content\/uploads\/2023\/09\/004_SUMO_City-Surfer_P4A1633-1024x683.jpg 1024w, https:\/\/agsu.cz\/wp-content\/uploads\/2023\/09\/004_SUMO_City-Surfer_P4A1633-1536x1024.jpg 1536w","medium_srcset":"https:\/\/agsu.cz\/wp-content\/uploads\/2023\/09\/004_SUMO_City-Surfer_P4A1633-1024x683.jpg 1024w, https:\/\/agsu.cz\/wp-content\/uploads\/2023\/09\/004_SUMO_City-Surfer_P4A1633-1536x1024.jpg 1536w, https:\/\/agsu.cz\/wp-content\/uploads\/2023\/09\/004_SUMO_City-Surfer_P4A1633.jpg 1920w","url":"","target":""},{"id":218,"title":"003_SUMO_Polansky_P4A2197","caption":"","full_image_url":"https:\/\/agsu.cz\/wp-content\/uploads\/2023\/09\/003_SUMO_Polansky_P4A2197.jpg","thumbnail_image_url":"https:\/\/agsu.cz\/wp-content\/uploads\/2023\/09\/003_SUMO_Polansky_P4A2197-256x256.jpg","large_srcset":"https:\/\/agsu.cz\/wp-content\/uploads\/2023\/09\/003_SUMO_Polansky_P4A2197.jpg 1920w, https:\/\/agsu.cz\/wp-content\/uploads\/2023\/09\/003_SUMO_Polansky_P4A2197-1024x683.jpg 1024w, https:\/\/agsu.cz\/wp-content\/uploads\/2023\/09\/003_SUMO_Polansky_P4A2197-1536x1024.jpg 1536w","medium_srcset":"https:\/\/agsu.cz\/wp-content\/uploads\/2023\/09\/003_SUMO_Polansky_P4A2197-1024x683.jpg 1024w, https:\/\/agsu.cz\/wp-content\/uploads\/2023\/09\/003_SUMO_Polansky_P4A2197-1536x1024.jpg 1536w, https:\/\/agsu.cz\/wp-content\/uploads\/2023\/09\/003_SUMO_Polansky_P4A2197.jpg 1920w","url":"","target":""},{"id":217,"title":"002_SUMO_AM180_P4A1550","caption":"","full_image_url":"https:\/\/agsu.cz\/wp-content\/uploads\/2023\/09\/002_SUMO_AM180_P4A1550.jpg","thumbnail_image_url":"https:\/\/agsu.cz\/wp-content\/uploads\/2023\/09\/002_SUMO_AM180_P4A1550-256x256.jpg","large_srcset":"https:\/\/agsu.cz\/wp-content\/uploads\/2023\/09\/002_SUMO_AM180_P4A1550.jpg 1920w, https:\/\/agsu.cz\/wp-content\/uploads\/2023\/09\/002_SUMO_AM180_P4A1550-1024x683.jpg 1024w, https:\/\/agsu.cz\/wp-content\/uploads\/2023\/09\/002_SUMO_AM180_P4A1550-1536x1024.jpg 1536w","medium_srcset":"https:\/\/agsu.cz\/wp-content\/uploads\/2023\/09\/002_SUMO_AM180_P4A1550-1024x683.jpg 1024w, https:\/\/agsu.cz\/wp-content\/uploads\/2023\/09\/002_SUMO_AM180_P4A1550-1536x1024.jpg 1536w, https:\/\/agsu.cz\/wp-content\/uploads\/2023\/09\/002_SUMO_AM180_P4A1550.jpg 1920w","url":"","target":""},{"id":216,"title":"001_SUMO_Svetova1_P4A1509","caption":"","full_image_url":"https:\/\/agsu.cz\/wp-content\/uploads\/2023\/09\/001_SUMO_Svetova1_P4A1509.jpg","thumbnail_image_url":"https:\/\/agsu.cz\/wp-content\/uploads\/2023\/09\/001_SUMO_Svetova1_P4A1509-256x256.jpg","large_srcset":"https:\/\/agsu.cz\/wp-content\/uploads\/2023\/09\/001_SUMO_Svetova1_P4A1509.jpg 1920w, https:\/\/agsu.cz\/wp-content\/uploads\/2023\/09\/001_SUMO_Svetova1_P4A1509-1024x683.jpg 1024w, https:\/\/agsu.cz\/wp-content\/uploads\/2023\/09\/001_SUMO_Svetova1_P4A1509-1536x1024.jpg 1536w","medium_srcset":"https:\/\/agsu.cz\/wp-content\/uploads\/2023\/09\/001_SUMO_Svetova1_P4A1509-1024x683.jpg 1024w, https:\/\/agsu.cz\/wp-content\/uploads\/2023\/09\/001_SUMO_Svetova1_P4A1509-1536x1024.jpg 1536w, https:\/\/agsu.cz\/wp-content\/uploads\/2023\/09\/001_SUMO_Svetova1_P4A1509.jpg 1920w","url":"","target":""},{"id":207,"title":"Svetova_001","caption":"","full_image_url":"https:\/\/agsu.cz\/wp-content\/uploads\/2022\/12\/Svetova_001.jpg","thumbnail_image_url":"https:\/\/agsu.cz\/wp-content\/uploads\/2022\/12\/Svetova_001-256x256.jpg","large_srcset":"https:\/\/agsu.cz\/wp-content\/uploads\/2022\/12\/Svetova_001.jpg 1920w, https:\/\/agsu.cz\/wp-content\/uploads\/2022\/12\/Svetova_001-1024x683.jpg 1024w, https:\/\/agsu.cz\/wp-content\/uploads\/2022\/12\/Svetova_001-1536x1024.jpg 1536w","medium_srcset":"https:\/\/agsu.cz\/wp-content\/uploads\/2022\/12\/Svetova_001-1024x683.jpg 1024w, https:\/\/agsu.cz\/wp-content\/uploads\/2022\/12\/Svetova_001-1536x1024.jpg 1536w, https:\/\/agsu.cz\/wp-content\/uploads\/2022\/12\/Svetova_001.jpg 1920w","url":"","target":""},{"id":206,"title":"Polansky-vernisaz-a-performance_006","caption":"","full_image_url":"https:\/\/agsu.cz\/wp-content\/uploads\/2022\/12\/Polansky-vernisaz-a-performance_006.jpg","thumbnail_image_url":"https:\/\/agsu.cz\/wp-content\/uploads\/2022\/12\/Polansky-vernisaz-a-performance_006-256x256.jpg","large_srcset":"https:\/\/agsu.cz\/wp-content\/uploads\/2022\/12\/Polansky-vernisaz-a-performance_006.jpg 1920w, https:\/\/agsu.cz\/wp-content\/uploads\/2022\/12\/Polansky-vernisaz-a-performance_006-1024x683.jpg 1024w, https:\/\/agsu.cz\/wp-content\/uploads\/2022\/12\/Polansky-vernisaz-a-performance_006-1536x1024.jpg 1536w","medium_srcset":"https:\/\/agsu.cz\/wp-content\/uploads\/2022\/12\/Polansky-vernisaz-a-performance_006-1024x683.jpg 1024w, https:\/\/agsu.cz\/wp-content\/uploads\/2022\/12\/Polansky-vernisaz-a-performance_006-1536x1024.jpg 1536w, https:\/\/agsu.cz\/wp-content\/uploads\/2022\/12\/Polansky-vernisaz-a-performance_006.jpg 1920w","url":"","target":""},{"id":205,"title":"Kvalitar vernisaz_001","caption":"","full_image_url":"https:\/\/agsu.cz\/wp-content\/uploads\/2022\/12\/Kvalitar-vernisaz_001.jpg","thumbnail_image_url":"https:\/\/agsu.cz\/wp-content\/uploads\/2022\/12\/Kvalitar-vernisaz_001-256x256.jpg","large_srcset":"https:\/\/agsu.cz\/wp-content\/uploads\/2022\/12\/Kvalitar-vernisaz_001.jpg 1920w, https:\/\/agsu.cz\/wp-content\/uploads\/2022\/12\/Kvalitar-vernisaz_001-1024x683.jpg 1024w, https:\/\/agsu.cz\/wp-content\/uploads\/2022\/12\/Kvalitar-vernisaz_001-1536x1024.jpg 1536w","medium_srcset":"https:\/\/agsu.cz\/wp-content\/uploads\/2022\/12\/Kvalitar-vernisaz_001-1024x683.jpg 1024w, https:\/\/agsu.cz\/wp-content\/uploads\/2022\/12\/Kvalitar-vernisaz_001-1536x1024.jpg 1536w, https:\/\/agsu.cz\/wp-content\/uploads\/2022\/12\/Kvalitar-vernisaz_001.jpg 1920w","url":"","target":""},{"id":204,"title":"Hunt-Kastner-vernisaz-a-performance_014","caption":"","full_image_url":"https:\/\/agsu.cz\/wp-content\/uploads\/2022\/12\/Hunt-Kastner-vernisaz-a-performance_014.jpg","thumbnail_image_url":"https:\/\/agsu.cz\/wp-content\/uploads\/2022\/12\/Hunt-Kastner-vernisaz-a-performance_014-256x256.jpg","large_srcset":"https:\/\/agsu.cz\/wp-content\/uploads\/2022\/12\/Hunt-Kastner-vernisaz-a-performance_014.jpg 1920w, https:\/\/agsu.cz\/wp-content\/uploads\/2022\/12\/Hunt-Kastner-vernisaz-a-performance_014-1024x683.jpg 1024w, https:\/\/agsu.cz\/wp-content\/uploads\/2022\/12\/Hunt-Kastner-vernisaz-a-performance_014-1536x1024.jpg 1536w","medium_srcset":"https:\/\/agsu.cz\/wp-content\/uploads\/2022\/12\/Hunt-Kastner-vernisaz-a-performance_014-1024x683.jpg 1024w, https:\/\/agsu.cz\/wp-content\/uploads\/2022\/12\/Hunt-Kastner-vernisaz-a-performance_014-1536x1024.jpg 1536w, https:\/\/agsu.cz\/wp-content\/uploads\/2022\/12\/Hunt-Kastner-vernisaz-a-performance_014.jpg 1920w","url":"","target":""},{"id":203,"title":"Hunt-Kastner-vernisaz-a-performance_013","caption":"","full_image_url":"https:\/\/agsu.cz\/wp-content\/uploads\/2022\/12\/Hunt-Kastner-vernisaz-a-performance_013.jpg","thumbnail_image_url":"https:\/\/agsu.cz\/wp-content\/uploads\/2022\/12\/Hunt-Kastner-vernisaz-a-performance_013-256x256.jpg","large_srcset":"https:\/\/agsu.cz\/wp-content\/uploads\/2022\/12\/Hunt-Kastner-vernisaz-a-performance_013.jpg 1920w, https:\/\/agsu.cz\/wp-content\/uploads\/2022\/12\/Hunt-Kastner-vernisaz-a-performance_013-1024x683.jpg 1024w, https:\/\/agsu.cz\/wp-content\/uploads\/2022\/12\/Hunt-Kastner-vernisaz-a-performance_013-1536x1024.jpg 1536w","medium_srcset":"https:\/\/agsu.cz\/wp-content\/uploads\/2022\/12\/Hunt-Kastner-vernisaz-a-performance_013-1024x683.jpg 1024w, https:\/\/agsu.cz\/wp-content\/uploads\/2022\/12\/Hunt-Kastner-vernisaz-a-performance_013-1536x1024.jpg 1536w, https:\/\/agsu.cz\/wp-content\/uploads\/2022\/12\/Hunt-Kastner-vernisaz-a-performance_013.jpg 1920w","url":"","target":""},{"id":202,"title":"HuntKastner_019","caption":"","full_image_url":"https:\/\/agsu.cz\/wp-content\/uploads\/2022\/12\/HuntKastner_019.jpg","thumbnail_image_url":"https:\/\/agsu.cz\/wp-content\/uploads\/2022\/12\/HuntKastner_019-256x256.jpg","large_srcset":"https:\/\/agsu.cz\/wp-content\/uploads\/2022\/12\/HuntKastner_019.jpg 1920w, https:\/\/agsu.cz\/wp-content\/uploads\/2022\/12\/HuntKastner_019-1024x683.jpg 1024w, https:\/\/agsu.cz\/wp-content\/uploads\/2022\/12\/HuntKastner_019-1536x1024.jpg 1536w","medium_srcset":"https:\/\/agsu.cz\/wp-content\/uploads\/2022\/12\/HuntKastner_019-1024x683.jpg 1024w, https:\/\/agsu.cz\/wp-content\/uploads\/2022\/12\/HuntKastner_019-1536x1024.jpg 1536w, https:\/\/agsu.cz\/wp-content\/uploads\/2022\/12\/HuntKastner_019.jpg 1920w","url":"","target":""},{"id":201,"title":"Give-me-the-now-Kunsthalle_005","caption":"","full_image_url":"https:\/\/agsu.cz\/wp-content\/uploads\/2022\/12\/Give-me-the-now-Kunsthalle_005.jpg","thumbnail_image_url":"https:\/\/agsu.cz\/wp-content\/uploads\/2022\/12\/Give-me-the-now-Kunsthalle_005-256x256.jpg","large_srcset":"https:\/\/agsu.cz\/wp-content\/uploads\/2022\/12\/Give-me-the-now-Kunsthalle_005.jpg 1920w, https:\/\/agsu.cz\/wp-content\/uploads\/2022\/12\/Give-me-the-now-Kunsthalle_005-1024x683.jpg 1024w, https:\/\/agsu.cz\/wp-content\/uploads\/2022\/12\/Give-me-the-now-Kunsthalle_005-1536x1024.jpg 1536w","medium_srcset":"https:\/\/agsu.cz\/wp-content\/uploads\/2022\/12\/Give-me-the-now-Kunsthalle_005-1024x683.jpg 1024w, https:\/\/agsu.cz\/wp-content\/uploads\/2022\/12\/Give-me-the-now-Kunsthalle_005-1536x1024.jpg 1536w, https:\/\/agsu.cz\/wp-content\/uploads\/2022\/12\/Give-me-the-now-Kunsthalle_005.jpg 1920w","url":"","target":""},{"id":200,"title":"CitySurferOffice_004","caption":"","full_image_url":"https:\/\/agsu.cz\/wp-content\/uploads\/2022\/12\/CitySurferOffice_004.jpg","thumbnail_image_url":"https:\/\/agsu.cz\/wp-content\/uploads\/2022\/12\/CitySurferOffice_004-256x256.jpg","large_srcset":"https:\/\/agsu.cz\/wp-content\/uploads\/2022\/12\/CitySurferOffice_004.jpg 1920w, https:\/\/agsu.cz\/wp-content\/uploads\/2022\/12\/CitySurferOffice_004-1024x683.jpg 1024w, https:\/\/agsu.cz\/wp-content\/uploads\/2022\/12\/CitySurferOffice_004-1536x1024.jpg 1536w","medium_srcset":"https:\/\/agsu.cz\/wp-content\/uploads\/2022\/12\/CitySurferOffice_004-1024x683.jpg 1024w, https:\/\/agsu.cz\/wp-content\/uploads\/2022\/12\/CitySurferOffice_004-1536x1024.jpg 1536w, https:\/\/agsu.cz\/wp-content\/uploads\/2022\/12\/CitySurferOffice_004.jpg 1920w","url":"","target":""},{"id":199,"title":"Centrum-pro-soucasne-umeni-prednaska_003","caption":"","full_image_url":"https:\/\/agsu.cz\/wp-content\/uploads\/2022\/12\/Centrum-pro-soucasne-umeni-prednaska_003.jpg","thumbnail_image_url":"https:\/\/agsu.cz\/wp-content\/uploads\/2022\/12\/Centrum-pro-soucasne-umeni-prednaska_003-256x256.jpg","large_srcset":"https:\/\/agsu.cz\/wp-content\/uploads\/2022\/12\/Centrum-pro-soucasne-umeni-prednaska_003.jpg 1920w, https:\/\/agsu.cz\/wp-content\/uploads\/2022\/12\/Centrum-pro-soucasne-umeni-prednaska_003-1024x683.jpg 1024w, https:\/\/agsu.cz\/wp-content\/uploads\/2022\/12\/Centrum-pro-soucasne-umeni-prednaska_003-1536x1024.jpg 1536w","medium_srcset":"https:\/\/agsu.cz\/wp-content\/uploads\/2022\/12\/Centrum-pro-soucasne-umeni-prednaska_003-1024x683.jpg 1024w, https:\/\/agsu.cz\/wp-content\/uploads\/2022\/12\/Centrum-pro-soucasne-umeni-prednaska_003-1536x1024.jpg 1536w, https:\/\/agsu.cz\/wp-content\/uploads\/2022\/12\/Centrum-pro-soucasne-umeni-prednaska_003.jpg 1920w","url":"","target":""},{"id":198,"title":"Berlinskej-model-komentovana-prohlidka_003","caption":"","full_image_url":"https:\/\/agsu.cz\/wp-content\/uploads\/2022\/12\/Berlinskej-model-komentovana-prohlidka_003.jpg","thumbnail_image_url":"https:\/\/agsu.cz\/wp-content\/uploads\/2022\/12\/Berlinskej-model-komentovana-prohlidka_003-256x256.jpg","large_srcset":"https:\/\/agsu.cz\/wp-content\/uploads\/2022\/12\/Berlinskej-model-komentovana-prohlidka_003.jpg 1920w, https:\/\/agsu.cz\/wp-content\/uploads\/2022\/12\/Berlinskej-model-komentovana-prohlidka_003-1024x683.jpg 1024w, https:\/\/agsu.cz\/wp-content\/uploads\/2022\/12\/Berlinskej-model-komentovana-prohlidka_003-1536x1024.jpg 1536w","medium_srcset":"https:\/\/agsu.cz\/wp-content\/uploads\/2022\/12\/Berlinskej-model-komentovana-prohlidka_003-1024x683.jpg 1024w, https:\/\/agsu.cz\/wp-content\/uploads\/2022\/12\/Berlinskej-model-komentovana-prohlidka_003-1536x1024.jpg 1536w, https:\/\/agsu.cz\/wp-content\/uploads\/2022\/12\/Berlinskej-model-komentovana-prohlidka_003.jpg 1920w","url":"","target":""}]]}},"aioseo_notices":[],"_links":{"self":[{"href":"https:\/\/agsu.cz\/cs\/wp-json\/wp\/v2\/pages\/11","targetHints":{"allow":["GET"]}}],"collection":[{"href":"https:\/\/agsu.cz\/cs\/wp-json\/wp\/v2\/pages"}],"about":[{"href":"https:\/\/agsu.cz\/cs\/wp-json\/wp\/v2\/types\/page"}],"author":[{"embeddable":true,"href":"https:\/\/agsu.cz\/cs\/wp-json\/wp\/v2\/users\/1"}],"replies":[{"embeddable":true,"href":"https:\/\/agsu.cz\/cs\/wp-json\/wp\/v2\/comments?post=11"}],"version-history":[{"count":1,"href":"https:\/\/agsu.cz\/cs\/wp-json\/wp\/v2\/pages\/11\/revisions"}],"predecessor-version":[{"id":227,"href":"https:\/\/agsu.cz\/cs\/wp-json\/wp\/v2\/pages\/11\/revisions\/227"}],"wp:attachment":[{"href":"https:\/\/agsu.cz\/cs\/wp-json\/wp\/v2\/media?parent=11"}],"curies":[{"name":"wp","href":"https:\/\/api.w.org\/{rel}","templated":true}]}}